{"id":323,"date":"2022-03-02T21:28:01","date_gmt":"2022-03-02T21:28:01","guid":{"rendered":"http:\/\/elcarmen.edu.co\/WebSite\/?page_id=323"},"modified":"2022-03-02T21:28:02","modified_gmt":"2022-03-02T21:28:02","slug":"eleccion-personero-y-contralora-estudiantil","status":"publish","type":"page","link":"https:\/\/elcarmen.edu.co\/WebSite\/?page_id=323","title":{"rendered":"Elecci\u00f3n Personero  y Contralora Estudiantil"},"content":{"rendered":"\n<p>El d\u00eda viernes 25 de febrero del 2022 se llev\u00f3 a cabo la elecci\u00f3n del personero y contralor estudiantil en todas las sedes de la Instituci\u00f3n Educativa El Carmen.<\/p>\n\n\n\n<p>Se presentaron a la personer\u00eda los candidatos <strong>David Cruz<\/strong> y <strong>Yilber Hurtado<\/strong> del grado und\u00e9cimo, quienes con propuestas asesoradas por los docentes de la sede principal realizaron sus respectivas campa\u00f1as en pro de un sano ejercicio democr\u00e1tico.<\/p>\n\n\n\n<p><strong>Resultados elecci\u00f3n de Personer<\/strong>o<\/p>\n\n\n\n<p>01 <strong>David Cruz<\/strong> <em>279 votos<\/em><br>02 <strong>Yilber Hurtado<\/strong> <em>247 votos<\/em><br>Votos en Blanco <em>2 votos<\/em><br><strong>Votos Nulos<\/strong> <em>1 voto<\/em><br><strong>TOTAL VOTOS<\/strong> 529<\/p>\n\n\n\n<p><strong>Resultados elecci\u00f3n Contralor<\/strong><\/p>\n\n\n\n<p>01 <strong>Adriana Chavarro<\/strong> <em>90 votos<\/em><br>02 <strong>Yair Cruz<\/strong> <em>57 votos<\/em><br><strong>Votos en Blanco<\/strong><em> 2 votos<\/em><br><strong>TOTAL VOTOS<\/strong> 149<\/p>\n","protected":false},"excerpt":{"rendered":"<p>El d&iacute;a viernes 25 de febrero del 2022 se llev&oacute; a cabo la elecci&oacute;n del personero y contralor estudiantil en todas las sedes de la Instituci&oacute;n Educativa El Carmen. Se presentaron a la personer&iacute;a los [&hellip;]<\/p>\n","protected":false},"author":1,"featured_media":324,"parent":0,"menu_order":0,"comment_status":"closed","ping_status":"closed","template":"","meta":[],"_links":{"self":[{"href":"https:\/\/elcarmen.edu.co\/WebSite\/index.php?rest_route=\/wp\/v2\/pages\/323"}],"collection":[{"href":"https:\/\/elcarmen.edu.co\/WebSite\/index.php?rest_route=\/wp\/v2\/pages"}],"about":[{"href":"https:\/\/elcarmen.edu.co\/WebSite\/index.php?rest_route=\/wp\/v2\/types\/page"}],"author":[{"embeddable":true,"href":"https:\/\/elcarmen.edu.co\/WebSite\/index.php?rest_route=\/wp\/v2\/users\/1"}],"replies":[{"embeddable":true,"href":"https:\/\/elcarmen.edu.co\/WebSite\/index.php?rest_route=%2Fwp%2Fv2%2Fcomments&post=323"}],"version-history":[{"count":1,"href":"https:\/\/elcarmen.edu.co\/WebSite\/index.php?rest_route=\/wp\/v2\/pages\/323\/revisions"}],"predecessor-version":[{"id":325,"href":"https:\/\/elcarmen.edu.co\/WebSite\/index.php?rest_route=\/wp\/v2\/pages\/323\/revisions\/325"}],"wp:featuredmedia":[{"embeddable":true,"href":"https:\/\/elcarmen.edu.co\/WebSite\/index.php?rest_route=\/wp\/v2\/media\/324"}],"wp:attachment":[{"href":"https:\/\/elcarmen.edu.co\/WebSite\/index.php?rest_route=%2Fwp%2Fv2%2Fmedia&parent=323"}],"curies":[{"name":"wp","href":"https:\/\/api.w.org\/{rel}","templated":true}]}}