{"id":290,"date":"2022-02-22T19:49:00","date_gmt":"2022-02-22T19:49:00","guid":{"rendered":"https:\/\/elcarmen.edu.co\/WebSite\/?page_id=290"},"modified":"2022-03-17T16:53:46","modified_gmt":"2022-03-17T16:53:46","slug":"audiencia-de-rendicion-de-cuentas-vigencia-fiscal-2021","status":"publish","type":"page","link":"https:\/\/elcarmen.edu.co\/WebSite\/?page_id=290","title":{"rendered":"Audiencia de rendici\u00f3n de cuentas vigencia  Fiscal 2021"},"content":{"rendered":"\n<p><strong>Invitaci\u00f3n a la comunidad en general a participar de la audiencia de rendici\u00f3n de cuentas que ofrecer\u00e1 La Instituci\u00f3n Educativa El Carmen del Municipio de Oporapa Huila el d\u00eda lunes 28 de Febrero de 2022.<\/strong><\/p>\n\n\n\n<p><strong>Hora 2:00 pm. Lugar: Instituci\u00f3n Educativa El Carmen<\/strong><\/p>\n\n\n\n<div class=\"wp-block-file\"><a href=\"https:\/\/elcarmen.edu.co\/WebSite\/wp-content\/uploads\/2022\/02\/1-CONVOCATORIA-1.pdf\">1-CONVOCATORIA-1<\/a><a href=\"https:\/\/elcarmen.edu.co\/WebSite\/wp-content\/uploads\/2022\/02\/1-CONVOCATORIA-1.pdf\" class=\"wp-block-file__button\" download>Descarga<\/a><\/div>\n\n\n\n<div class=\"wp-block-file\"><a href=\"https:\/\/elcarmen.edu.co\/WebSite\/wp-content\/uploads\/2022\/03\/Informe-de-Gestion-2021.pdf\">Informe-de-Gestion-2021<\/a><a href=\"https:\/\/elcarmen.edu.co\/WebSite\/wp-content\/uploads\/2022\/03\/Informe-de-Gestion-2021.pdf\" class=\"wp-block-file__button\" download>Descarga<\/a><\/div>\n\n\n\n<figure class=\"wp-block-embed is-type-video is-provider-youtube wp-block-embed-youtube wp-embed-aspect-16-9 wp-has-aspect-ratio\"><div class=\"wp-block-embed__wrapper\">\n<iframe loading=\"lazy\" title=\"AUDIENCIA 2021 IE EL CARMEN OPORAPA\" width=\"660\" height=\"371\" src=\"https:\/\/www.youtube.com\/embed\/sIUtMQyhK44?feature=oembed\" frameborder=\"0\" allow=\"accelerometer; autoplay; clipboard-write; encrypted-media; gyroscope; picture-in-picture\" allowfullscreen><\/iframe>\n<\/div><\/figure>\n","protected":false},"excerpt":{"rendered":"<p>Invitaci&oacute;n a la comunidad en general a participar de la audiencia de rendici&oacute;n de cuentas que ofrecer&aacute; La Instituci&oacute;n Educativa El Carmen del Municipio de Oporapa Huila el d&iacute;a lunes 28 de Febrero de 2022. [&hellip;]<\/p>\n","protected":false},"author":1,"featured_media":299,"parent":0,"menu_order":0,"comment_status":"closed","ping_status":"closed","template":"page-templates\/fullwidth.php","meta":[],"_links":{"self":[{"href":"https:\/\/elcarmen.edu.co\/WebSite\/index.php?rest_route=\/wp\/v2\/pages\/290"}],"collection":[{"href":"https:\/\/elcarmen.edu.co\/WebSite\/index.php?rest_route=\/wp\/v2\/pages"}],"about":[{"href":"https:\/\/elcarmen.edu.co\/WebSite\/index.php?rest_route=\/wp\/v2\/types\/page"}],"author":[{"embeddable":true,"href":"https:\/\/elcarmen.edu.co\/WebSite\/index.php?rest_route=\/wp\/v2\/users\/1"}],"replies":[{"embeddable":true,"href":"https:\/\/elcarmen.edu.co\/WebSite\/index.php?rest_route=%2Fwp%2Fv2%2Fcomments&post=290"}],"version-history":[{"count":9,"href":"https:\/\/elcarmen.edu.co\/WebSite\/index.php?rest_route=\/wp\/v2\/pages\/290\/revisions"}],"predecessor-version":[{"id":548,"href":"https:\/\/elcarmen.edu.co\/WebSite\/index.php?rest_route=\/wp\/v2\/pages\/290\/revisions\/548"}],"wp:featuredmedia":[{"embeddable":true,"href":"https:\/\/elcarmen.edu.co\/WebSite\/index.php?rest_route=\/wp\/v2\/media\/299"}],"wp:attachment":[{"href":"https:\/\/elcarmen.edu.co\/WebSite\/index.php?rest_route=%2Fwp%2Fv2%2Fmedia&parent=290"}],"curies":[{"name":"wp","href":"https:\/\/api.w.org\/{rel}","templated":true}]}}